{"id":428,"date":"2014-01-06T08:40:48","date_gmt":"2014-01-06T08:40:48","guid":{"rendered":"http:\/\/localhost\/wpnation\/?page_id=424"},"modified":"2022-02-17T06:56:35","modified_gmt":"2022-02-17T06:56:35","slug":"reservation-page","status":"publish","type":"page","link":"https:\/\/www.cantamar.cl\/hotel\/reservation-page\/","title":{"rendered":"Reserve su Habitaci\u00f3n"},"content":{"rendered":"","protected":false},"excerpt":{"rendered":"","protected":false},"author":1,"featured_media":0,"parent":0,"menu_order":0,"comment_status":"open","ping_status":"open","template":"reservation.php","meta":{"footnotes":""},"class_list":["post-428","page","type-page","status-publish","hentry"],"yoast_head":"<!-- This site is optimized with the Yoast SEO plugin v20.1 - https:\/\/yoast.com\/wordpress\/plugins\/seo\/ -->\n<title>Reserve su Habitaci\u00f3n - Hotel Cantamar<\/title>\n<meta name=\"description\" content=\"Hotel cantamar Vi\u00f1a De\u00f1 Mar\" \/>\n<meta name=\"robots\" content=\"index, follow, max-snippet:-1, max-image-preview:large, max-video-preview:-1\" \/>\n<link rel=\"canonical\" href=\"http:\/\/www.cantamar.cl\/hotel\/reservation-page\/\" \/>\n<meta property=\"og:locale\" content=\"en_US\" \/>\n<meta property=\"og:type\" content=\"article\" \/>\n<meta property=\"og:title\" content=\"Reserve su Habitaci\u00f3n - Hotel Cantamar\" \/>\n<meta property=\"og:description\" content=\"Hotel cantamar Vi\u00f1a De\u00f1 Mar\" \/>\n<meta property=\"og:url\" content=\"http:\/\/www.cantamar.cl\/hotel\/reservation-page\/\" \/>\n<meta property=\"og:site_name\" content=\"Hotel Cantamar\" \/>\n<meta property=\"article:modified_time\" content=\"2022-02-17T06:56:35+00:00\" \/>\n<meta property=\"og:image\" content=\"https:\/\/www.cantamar.cl\/hotel\/wp-content\/uploads\/2022\/02\/frontis.jpg\" \/>\n\t<meta property=\"og:image:width\" content=\"512\" \/>\n\t<meta property=\"og:image:height\" content=\"251\" \/>\n\t<meta property=\"og:image:type\" content=\"image\/jpeg\" \/>\n<meta name=\"twitter:card\" content=\"summary_large_image\" \/>\n<script type=\"application\/ld+json\" class=\"yoast-schema-graph\">{\"@context\":\"https:\/\/schema.org\",\"@graph\":[{\"@type\":\"WebPage\",\"@id\":\"http:\/\/www.cantamar.cl\/hotel\/reservation-page\/\",\"url\":\"http:\/\/www.cantamar.cl\/hotel\/reservation-page\/\",\"name\":\"Reserve su Habitaci\u00f3n - Hotel Cantamar\",\"isPartOf\":{\"@id\":\"https:\/\/www.cantamar.cl\/hotel\/#website\"},\"datePublished\":\"2014-01-06T08:40:48+00:00\",\"dateModified\":\"2022-02-17T06:56:35+00:00\",\"description\":\"Hotel cantamar Vi\u00f1a De\u00f1 Mar\",\"breadcrumb\":{\"@id\":\"http:\/\/www.cantamar.cl\/hotel\/reservation-page\/#breadcrumb\"},\"inLanguage\":\"en-US\",\"potentialAction\":[{\"@type\":\"ReadAction\",\"target\":[\"http:\/\/www.cantamar.cl\/hotel\/reservation-page\/\"]}]},{\"@type\":\"BreadcrumbList\",\"@id\":\"http:\/\/www.cantamar.cl\/hotel\/reservation-page\/#breadcrumb\",\"itemListElement\":[{\"@type\":\"ListItem\",\"position\":1,\"name\":\"Home\",\"item\":\"https:\/\/www.cantamar.cl\/hotel\/\"},{\"@type\":\"ListItem\",\"position\":2,\"name\":\"Reserve su Habitaci\u00f3n\"}]},{\"@type\":\"WebSite\",\"@id\":\"https:\/\/www.cantamar.cl\/hotel\/#website\",\"url\":\"https:\/\/www.cantamar.cl\/hotel\/\",\"name\":\"Hotel Cantamar\",\"description\":\"Su hotel cerca del Mar\",\"publisher\":{\"@id\":\"https:\/\/www.cantamar.cl\/hotel\/#organization\"},\"potentialAction\":[{\"@type\":\"SearchAction\",\"target\":{\"@type\":\"EntryPoint\",\"urlTemplate\":\"https:\/\/www.cantamar.cl\/hotel\/?s={search_term_string}\"},\"query-input\":\"required name=search_term_string\"}],\"inLanguage\":\"en-US\"},{\"@type\":\"Organization\",\"@id\":\"https:\/\/www.cantamar.cl\/hotel\/#organization\",\"name\":\"Hotel cantamar-vi\u00f1a- Cantamar\",\"url\":\"https:\/\/www.cantamar.cl\/hotel\/\",\"logo\":{\"@type\":\"ImageObject\",\"inLanguage\":\"en-US\",\"@id\":\"https:\/\/www.cantamar.cl\/hotel\/#\/schema\/logo\/image\/\",\"url\":\"http:\/\/www.cantamar.cl\/hotel\/wp-content\/uploads\/2022\/02\/frontis.jpg\",\"contentUrl\":\"http:\/\/www.cantamar.cl\/hotel\/wp-content\/uploads\/2022\/02\/frontis.jpg\",\"width\":512,\"height\":251,\"caption\":\"Hotel cantamar-vi\u00f1a- Cantamar\"},\"image\":{\"@id\":\"https:\/\/www.cantamar.cl\/hotel\/#\/schema\/logo\/image\/\"}}]}<\/script>\n<!-- \/ Yoast SEO plugin. -->","yoast_head_json":{"title":"Reserve su Habitaci\u00f3n - Hotel Cantamar","description":"Hotel cantamar Vi\u00f1a De\u00f1 Mar","robots":{"index":"index","follow":"follow","max-snippet":"max-snippet:-1","max-image-preview":"max-image-preview:large","max-video-preview":"max-video-preview:-1"},"canonical":"http:\/\/www.cantamar.cl\/hotel\/reservation-page\/","og_locale":"en_US","og_type":"article","og_title":"Reserve su Habitaci\u00f3n - Hotel Cantamar","og_description":"Hotel cantamar Vi\u00f1a De\u00f1 Mar","og_url":"http:\/\/www.cantamar.cl\/hotel\/reservation-page\/","og_site_name":"Hotel Cantamar","article_modified_time":"2022-02-17T06:56:35+00:00","og_image":[{"width":512,"height":251,"url":"https:\/\/www.cantamar.cl\/hotel\/wp-content\/uploads\/2022\/02\/frontis.jpg","type":"image\/jpeg"}],"twitter_card":"summary_large_image","schema":{"@context":"https:\/\/schema.org","@graph":[{"@type":"WebPage","@id":"http:\/\/www.cantamar.cl\/hotel\/reservation-page\/","url":"http:\/\/www.cantamar.cl\/hotel\/reservation-page\/","name":"Reserve su Habitaci\u00f3n - Hotel Cantamar","isPartOf":{"@id":"https:\/\/www.cantamar.cl\/hotel\/#website"},"datePublished":"2014-01-06T08:40:48+00:00","dateModified":"2022-02-17T06:56:35+00:00","description":"Hotel cantamar Vi\u00f1a De\u00f1 Mar","breadcrumb":{"@id":"http:\/\/www.cantamar.cl\/hotel\/reservation-page\/#breadcrumb"},"inLanguage":"en-US","potentialAction":[{"@type":"ReadAction","target":["http:\/\/www.cantamar.cl\/hotel\/reservation-page\/"]}]},{"@type":"BreadcrumbList","@id":"http:\/\/www.cantamar.cl\/hotel\/reservation-page\/#breadcrumb","itemListElement":[{"@type":"ListItem","position":1,"name":"Home","item":"https:\/\/www.cantamar.cl\/hotel\/"},{"@type":"ListItem","position":2,"name":"Reserve su Habitaci\u00f3n"}]},{"@type":"WebSite","@id":"https:\/\/www.cantamar.cl\/hotel\/#website","url":"https:\/\/www.cantamar.cl\/hotel\/","name":"Hotel Cantamar","description":"Su hotel cerca del Mar","publisher":{"@id":"https:\/\/www.cantamar.cl\/hotel\/#organization"},"potentialAction":[{"@type":"SearchAction","target":{"@type":"EntryPoint","urlTemplate":"https:\/\/www.cantamar.cl\/hotel\/?s={search_term_string}"},"query-input":"required name=search_term_string"}],"inLanguage":"en-US"},{"@type":"Organization","@id":"https:\/\/www.cantamar.cl\/hotel\/#organization","name":"Hotel cantamar-vi\u00f1a- Cantamar","url":"https:\/\/www.cantamar.cl\/hotel\/","logo":{"@type":"ImageObject","inLanguage":"en-US","@id":"https:\/\/www.cantamar.cl\/hotel\/#\/schema\/logo\/image\/","url":"http:\/\/www.cantamar.cl\/hotel\/wp-content\/uploads\/2022\/02\/frontis.jpg","contentUrl":"http:\/\/www.cantamar.cl\/hotel\/wp-content\/uploads\/2022\/02\/frontis.jpg","width":512,"height":251,"caption":"Hotel cantamar-vi\u00f1a- Cantamar"},"image":{"@id":"https:\/\/www.cantamar.cl\/hotel\/#\/schema\/logo\/image\/"}}]}},"_links":{"self":[{"href":"https:\/\/www.cantamar.cl\/hotel\/wp-json\/wp\/v2\/pages\/428","targetHints":{"allow":["GET"]}}],"collection":[{"href":"https:\/\/www.cantamar.cl\/hotel\/wp-json\/wp\/v2\/pages"}],"about":[{"href":"https:\/\/www.cantamar.cl\/hotel\/wp-json\/wp\/v2\/types\/page"}],"author":[{"embeddable":true,"href":"https:\/\/www.cantamar.cl\/hotel\/wp-json\/wp\/v2\/users\/1"}],"replies":[{"embeddable":true,"href":"https:\/\/www.cantamar.cl\/hotel\/wp-json\/wp\/v2\/comments?post=428"}],"version-history":[{"count":1,"href":"https:\/\/www.cantamar.cl\/hotel\/wp-json\/wp\/v2\/pages\/428\/revisions"}],"predecessor-version":[{"id":669,"href":"https:\/\/www.cantamar.cl\/hotel\/wp-json\/wp\/v2\/pages\/428\/revisions\/669"}],"wp:attachment":[{"href":"https:\/\/www.cantamar.cl\/hotel\/wp-json\/wp\/v2\/media?parent=428"}],"curies":[{"name":"wp","href":"https:\/\/api.w.org\/{rel}","templated":true}]}}